{"id":29,"date":"2018-11-02T11:38:45","date_gmt":"2018-11-02T14:38:45","guid":{"rendered":"http:\/\/assemit.com.br\/efrait2019\/?page_id=29"},"modified":"2018-11-02T11:38:45","modified_gmt":"2018-11-02T14:38:45","slug":"historico","status":"publish","type":"page","link":"https:\/\/assemit.com.br\/efrait2019\/index.php\/historico\/","title":{"rendered":"Hist\u00f3rico"},"content":{"rendered":"<hr \/>\n<p><strong>Hist\u00f3rico publicado no Especial do Jornal For\u00e7a do Oeste de 08 de abril de 2011 Edi\u00e7\u00e3o 705<\/strong><\/p>\n<p>A primeira Efrait aconteceu no ano de 1997 e a segunda edi\u00e7\u00e3o, no ano 2000, ambas durante a administra\u00e7\u00e3o de Jo\u00e3o Batista Schneiders.<\/p>\n<p>Em 2004, ocorria a terceira edi\u00e7\u00e3o da feira, de 25 a 27 de julho, parceria entre a Assemit, Incadi e prefeitura, no mandato de \u00c1urio Welter.<\/p>\n<p>No ano de 2007, a feira aconteceu de 20 a 22 de abril, no Complexo Oktober, oportunidade em que v\u00e1rias empresas do munic\u00edpio e da regi\u00e3o expuseram seus produtos. Os espa\u00e7os disponibilizados no pavilh\u00e3o A tiveram boa procura e meses antes, j\u00e1 estavam todos vendidos. Nesse sentido, a comiss\u00e3o teve por iniciativa, abrir para visita\u00e7\u00e3o o pavilh\u00e3o D, onde todos os espa\u00e7os tamb\u00e9m foram comercializados. A parte externa, em frente aos pavilh\u00f5es, abrigava as empresas de m\u00e1quinas e equipamentos agr\u00edcolas e na campeira, estavam expostos bovinos, caprinos, ovinos, alevinos e utens\u00edlios agr\u00edcolas. O p\u00fablico visitante superou a marca de 25 mil pessoas. Em 2009, a feira aconteceu nos dias 1\u00ba a 03 de maio, no complexo Oktober. Os espa\u00e7os de exposi\u00e7\u00e3o estavam do pavilh\u00e3o A e D, al\u00e9m da parte externa, em frente ao Complexo.<\/p>\n<p>A maioria dos espa\u00e7os teve excelente procura e foram comercializados muito antes da realiza\u00e7\u00e3o da feira. A inova\u00e7\u00e3o desta edi\u00e7\u00e3o foi a parceria com a empresa de eventos GDO de S\u00e3o Miguel do Oeste, que trouxe shows nacionais, como a dupla Diego e Gabriel e o grupo Tch\u00ea Garotos, al\u00e9m do tradicionalista Ga\u00facho da Fronteira e o humorista Mulita, todos reunindo numeroso p\u00fablico. A quarta e quinta edi\u00e7\u00e3o ocorreu durante a administra\u00e7\u00e3o do prefeito Vunibaldo Rech.<\/p>\n<hr \/>\n<p>Em 2011, 2013, 2015 e 2017 a Feira tamb\u00e9m foi organizada pela Assemit com grande apoio da Prefeitura de Itapiranga e patrocinadores. No ano de 2019 n\u00e3o ser\u00e1 diferente. A Assemit est\u00e1 a frente da organiza\u00e7\u00e3o junto com a Prefeitura e novamente conta com apoio de diversos patrocinadores.<\/p>\n<p><a href=\"http:\/\/assemit.com.br\/efrait2017\/wp-content\/uploads\/2017\/01\/3efrait2003-1.jpg\"><img loading=\"lazy\" decoding=\"async\" class=\"alignnone size-medium wp-image-427\" src=\"http:\/\/assemit.com.br\/efrait2017\/wp-content\/uploads\/2017\/01\/3efrait2003-1-300x215.jpg\" alt=\"\" width=\"300\" height=\"215\" \/>\u00a0<\/a><\/p>\n<p><a href=\"http:\/\/assemit.com.br\/efrait2017\/wp-content\/uploads\/2017\/01\/3efrait1.jpg\"><img loading=\"lazy\" decoding=\"async\" class=\"alignnone size-medium wp-image-423\" src=\"http:\/\/assemit.com.br\/efrait2017\/wp-content\/uploads\/2017\/01\/3efrait1-300x226.jpg\" alt=\"\" width=\"300\" height=\"226\" \/><\/a><\/p>\n<p><a href=\"http:\/\/assemit.com.br\/efrait2017\/wp-content\/uploads\/2017\/01\/4efrait2007.jpg\"><img loading=\"lazy\" decoding=\"async\" class=\"alignnone size-medium wp-image-429\" src=\"http:\/\/assemit.com.br\/efrait2017\/wp-content\/uploads\/2017\/01\/4efrait2007-300x217.jpg\" alt=\"\" width=\"300\" height=\"217\" \/><\/a><\/p>\n<p><a href=\"http:\/\/assemit.com.br\/efrait2017\/wp-content\/uploads\/2017\/01\/efrait2009.jpg\"><img loading=\"lazy\" decoding=\"async\" class=\"alignnone wp-image-418 size-medium\" src=\"http:\/\/assemit.com.br\/efrait2017\/wp-content\/uploads\/2017\/01\/efrait2009-213x300.jpg\" alt=\"\" width=\"213\" height=\"300\" \/>\u00a0<\/a><a href=\"http:\/\/assemit.com.br\/efrait2017\/wp-content\/uploads\/2017\/01\/efrait2009.jpg\"><img loading=\"lazy\" decoding=\"async\" class=\"alignnone wp-image-416 size-medium\" src=\"http:\/\/assemit.com.br\/efrait2017\/wp-content\/uploads\/2017\/01\/cartazefrait1-213x300.jpg\" alt=\"\" width=\"213\" height=\"300\" \/><\/a><a href=\"http:\/\/assemit.com.br\/efrait2017\/wp-content\/uploads\/2017\/01\/efrait2009.jpg\">\u00a0<\/a><a href=\"http:\/\/assemit.com.br\/efrait2017\/wp-content\/uploads\/2017\/01\/efrait2013.jpg\"><img loading=\"lazy\" decoding=\"async\" class=\"alignnone wp-image-417 size-medium\" src=\"http:\/\/assemit.com.br\/efrait2017\/wp-content\/uploads\/2017\/01\/efrait2013-213x300.jpg\" alt=\"\" width=\"213\" height=\"300\" \/><\/a><\/p>\n<p><a href=\"http:\/\/assemit.com.br\/efrait2017\/wp-content\/uploads\/2017\/01\/efrait2015.jpg\"><img loading=\"lazy\" decoding=\"async\" class=\"alignnone wp-image-419\" src=\"http:\/\/assemit.com.br\/efrait2017\/wp-content\/uploads\/2017\/01\/efrait2015.jpg\" alt=\"\" width=\"213\" height=\"303\" \/><\/a> <a href=\"http:\/\/assemit.com.br\/efrait2017\/wp-content\/uploads\/2017\/02\/Cartaz-Efrait-2017.jpg\"><img loading=\"lazy\" decoding=\"async\" class=\"alignnone wp-image-307\" src=\"http:\/\/assemit.com.br\/efrait2017\/wp-content\/uploads\/2017\/02\/Cartaz-Efrait-2017.jpg\" alt=\"\" width=\"213\" height=\"310\" \/><\/a> <img loading=\"lazy\" decoding=\"async\" class=\"alignnone size-medium wp-image-9\" src=\"http:\/\/assemit.com.br\/efrait2019\/wp-content\/uploads\/2018\/11\/efrait-300x300.jpg\" alt=\"\" width=\"300\" height=\"300\" srcset=\"https:\/\/assemit.com.br\/efrait2019\/wp-content\/uploads\/2018\/11\/efrait-300x300.jpg 300w, https:\/\/assemit.com.br\/efrait2019\/wp-content\/uploads\/2018\/11\/efrait-150x150.jpg 150w, https:\/\/assemit.com.br\/efrait2019\/wp-content\/uploads\/2018\/11\/efrait-768x768.jpg 768w, https:\/\/assemit.com.br\/efrait2019\/wp-content\/uploads\/2018\/11\/efrait.jpg 960w\" sizes=\"(max-width: 300px) 100vw, 300px\" \/><\/p>\n<p>&nbsp;<\/p>\n","protected":false},"excerpt":{"rendered":"<p>Hist\u00f3rico publicado no Especial do Jornal For\u00e7a do Oeste de 08 de abril de 2011 Edi\u00e7\u00e3o 705 A primeira Efrait aconteceu no ano de 1997 e a segunda edi\u00e7\u00e3o, no ano 2000, ambas durante a administra\u00e7\u00e3o de Jo\u00e3o Batista Schneiders. Em 2004, ocorria a terceira edi\u00e7\u00e3o da feira, de 25 a 27 de julho, parceria [&hellip;]<\/p>\n","protected":false},"author":1,"featured_media":0,"parent":0,"menu_order":0,"comment_status":"closed","ping_status":"closed","template":"","meta":{"ngg_post_thumbnail":0,"footnotes":""},"_links":{"self":[{"href":"https:\/\/assemit.com.br\/efrait2019\/index.php\/wp-json\/wp\/v2\/pages\/29"}],"collection":[{"href":"https:\/\/assemit.com.br\/efrait2019\/index.php\/wp-json\/wp\/v2\/pages"}],"about":[{"href":"https:\/\/assemit.com.br\/efrait2019\/index.php\/wp-json\/wp\/v2\/types\/page"}],"author":[{"embeddable":true,"href":"https:\/\/assemit.com.br\/efrait2019\/index.php\/wp-json\/wp\/v2\/users\/1"}],"replies":[{"embeddable":true,"href":"https:\/\/assemit.com.br\/efrait2019\/index.php\/wp-json\/wp\/v2\/comments?post=29"}],"version-history":[{"count":1,"href":"https:\/\/assemit.com.br\/efrait2019\/index.php\/wp-json\/wp\/v2\/pages\/29\/revisions"}],"predecessor-version":[{"id":31,"href":"https:\/\/assemit.com.br\/efrait2019\/index.php\/wp-json\/wp\/v2\/pages\/29\/revisions\/31"}],"wp:attachment":[{"href":"https:\/\/assemit.com.br\/efrait2019\/index.php\/wp-json\/wp\/v2\/media?parent=29"}],"curies":[{"name":"wp","href":"https:\/\/api.w.org\/{rel}","templated":true}]}}