{"id":53,"date":"2018-11-02T17:20:13","date_gmt":"2018-11-02T20:20:13","guid":{"rendered":"http:\/\/assemit.com.br\/efrait2019\/?page_id=53"},"modified":"2019-04-29T09:11:10","modified_gmt":"2019-04-29T12:11:10","slug":"programacao","status":"publish","type":"page","link":"https:\/\/assemit.com.br\/efrait2019\/index.php\/programacao\/","title":{"rendered":"Programa\u00e7\u00e3o"},"content":{"rendered":"<p><span style=\"font-size: large;\"><u><b>Programa\u00e7\u00e3o 10\u00aa Efrait<\/b><\/u><\/span><\/p>\n<p class=\"Normal tm5\"><strong><span class=\"tm6\">AGROPECU\u00c1RIA<br \/>\n(Setor agropecu\u00e1rio)<\/span><\/strong><\/p>\n<p class=\"Normal tm5\"><strong><span class=\"tm6\">Sexta-feira<br \/>\n<\/span><\/strong><span class=\"tm7\">Atividade: Palestras na C\u00e2mara Municipal de Vereadores<br \/>\n14h: Abertura<br \/>\n14h15: Palestra com o tema: \u2018Contamina\u00e7\u00e3o de Sementes Crioulas\u2019, com Andr\u00e9 Jantara \u2013 ASPTA<br \/>\n15h30: Palestra com o tema: \u2018As Sementes Crioulas, seus guardi\u00f5es e seus segredos\u2019, com Dr. Iraj\u00e1 Ferreira Antunes &#8211; EMBRAPA de Pelotas\/RS<br \/>\n16h30: Palestra com o tema: \u2018Agricultura familiar frente aos desafios dos mercados\u2019, com Adinor Jos\u00e9 Capelesso \u2013 Engenheiro Agr\u00f4nomo \u2013 UFPEL, Mestre e Doutor Agro Ecossistemas \u2013 UFSC<br \/>\n19h: Encerramento<\/span><\/p>\n<p class=\"Normal tm5\"><span class=\"tm7\">*Manh\u00e3 e tarde<br \/>\nPasseios a cavalo para alunos da APAE<br \/>\nLocal: setor agropecu\u00e1rio \u2013 parque de exposi\u00e7\u00f5es<\/span><\/p>\n<p class=\"Normal tm5\"><strong><span class=\"tm6\">S\u00e1bado<br \/>\n<\/span><\/strong><span class=\"tm7\">16h: Desfile de c\u00e3es<br \/>\n17h: Palestra &#8211; Morfologia equina da ra\u00e7a Crioula<br \/>\nLocal: setor agropecu\u00e1rio \u2013 parque de exposi\u00e7\u00f5es<\/span><\/p>\n<p class=\"Normal tm5\"><strong><span class=\"tm6\">Domingo<br \/>\n<\/span><\/strong><span class=\"tm7\">15h30: Apresenta\u00e7\u00e3o com equinos<br \/>\nLocal: setor agropecu\u00e1rio \u2013 parque de exposi\u00e7\u00f5es<\/span><\/p>\n<p class=\"Normal tm5\"><span class=\"tm7\">*Durante toda a feira<br \/>\nPasseios com jegues e p\u00f4nei \u2013 inscri\u00e7\u00f5es no setor agropecu\u00e1rio<\/span><\/p>\n<p class=\"Normal tm5\"><strong><span class=\"tm6\">&nbsp;<\/span><\/strong><\/p>\n<p class=\"Normal tm5\"><strong><span class=\"tm6\">NEG\u00d3CIOS<br \/>\n(Visita\u00e7\u00e3o aos estandes) <\/span><\/strong><\/p>\n<p class=\"Normal tm5\"><strong><span class=\"tm6\">Sexta-feira<\/span><\/strong><span class=\"tm7\"><br \/>\nDas 17 \u00e0s 20h30<\/span><\/p>\n<p class=\"Normal tm5\"><strong><span class=\"tm6\">S\u00e1bado<\/span><\/strong><span class=\"tm7\"><br \/>\nDas 9 \u00e0s 21h<\/span><\/p>\n<p class=\"Normal tm5\"><strong><span class=\"tm6\">Domingo<\/span><\/strong><span class=\"tm7\"><br \/>\nDas 9 \u00e0s 18h<\/span><\/p>\n<p class=\"Normal tm5\"><span class=\"tm7\">&nbsp;<\/span><\/p>\n<p class=\"Normal tm5\"><strong><span class=\"tm6\">SHOWS<br \/>\n(Arena de shows)<\/span><\/strong><\/p>\n<p class=\"Normal tm5\"><strong><span class=\"tm6\">Sexta-feira<\/span><\/strong><span class=\"tm7\"><br \/>\n22h: Abertura da arena de shows &#8211; DJ Roberto Bonet<br \/>\n23h30: Show nacional Marcos &amp; Belutti<br \/>\n1h: DJ Roberto Bonet<br \/>\n4h: Encerramento<\/span><\/p>\n<p class=\"Normal tm5\"><strong><span class=\"tm6\">S\u00e1bado<\/span><\/strong><span class=\"tm7\"><br \/>\n22h: Abertura da arena de shows \u2013 DJ Roberto Bonet<br \/>\n23h30: Show com Serginho Moah e banda (Papas da L\u00edngua)<br \/>\n1h: Show com Roger &amp; Gustavo (sertanejo universit\u00e1rio)<br \/>\n3h: DJ Roberto Bonet<br \/>\n4h: Encerramento<\/span><\/p>\n<p class=\"Normal tm5\"><strong><span class=\"tm6\">Domingo<\/span><\/strong><span class=\"tm7\"><br \/>\n18h: Abertura da arena de shows<br \/>\n19h30: Show com Teodoro &amp; Sampaio<br \/>\n22h: Encerramento<\/span><\/p>\n<p class=\"Normal tm5\"><span class=\"tm7\">&nbsp;<\/span><\/p>\n<p class=\"Normal tm5\"><strong><span class=\"tm6\">GASTRONOMIA<\/span><\/strong><span class=\"tm7\"><br \/>\n<\/span><strong><span class=\"tm6\">(Pra\u00e7a de alimenta\u00e7\u00e3o)<\/span><\/strong><\/p>\n<p class=\"Normal tm5\"><strong><span class=\"tm6\">Restaurantes 1 e 2<\/span><\/strong><span class=\"tm7\"><br \/>\nAlmo\u00e7o: s\u00e1bado e domingo \u2013 das 11h30 \u00e0s 13h30<br \/>\nJantar: sexta e s\u00e1bado \u2013 das 19h30 \u00e0s 21h30<\/span><\/p>\n<p class=\"Normal tm5\"><strong><span class=\"tm6\">Bebidas<\/span><\/strong><span class=\"tm7\"><br \/>\nChopp Lassberg \u2013 copo 400ml \u2013 R$ 6,00<br \/>\nRefrigerante (lata) \u2013 R$ 5,00<br \/>\n\u00c1gua: R$ 3,00<\/span><\/p>\n<p class=\"Normal tm5\"><strong><span class=\"tm6\">Lanches e muito mais<\/span><\/strong><span class=\"tm7\"><br \/>\nHamb\u00farguer, pastel, espetinho, coxinha, salgados assados, sandu\u00edche, cachorro quente, por\u00e7\u00f5es, a\u00e7a\u00ed e sucos naturais, milk shake, buffet de sorvetes, caf\u00e9s especiais, crepes, churros, tortas e sobremesas<\/span><\/p>\n<p class=\"Normal tm5\"><span class=\"tm7\">*Fichas<br \/>\nPara almo\u00e7o, janta e bebidas ser\u00e3o vendidas fichas espec\u00edficas. Para os demais, ser\u00e3o vendidas fichas em valores, que poder\u00e3o ser usadas na compra de qualquer lanche.<\/p>\n<p><\/span><\/p>\n<p class=\"Normal tm5\"><strong><span class=\"tm6\">CULTURA E LAZER<br \/>\n(Palco cultural \u2013 ingresso gr\u00e1tis)<\/span><\/strong><\/p>\n<p class=\"Normal tm5\"><strong><span class=\"tm6\">Sexta-feira<\/span><\/strong><span class=\"tm7\"><br \/>\n20h30: Cerimonial de abertura da 10\u00aa Efrait<br \/>\n21h30: Show com Orquestra Teut\u00f4nia<\/span><\/p>\n<p class=\"Normal tm5\"><strong><span class=\"tm6\">S\u00e1bado<br \/>\n<\/span><\/strong><span class=\"tm7\">15h: Show com humorista Albino Walssmaia<\/span><\/p>\n<p class=\"Normal tm5\"><strong><span class=\"tm6\">Domingo<\/span><\/strong><span class=\"tm7\"><br \/>\n11h30 \u00e0s 13h30: \u2018Show de talentos\u2019<br \/>\n15h: Show infantil com Os Peraltas<\/span><\/p>\n<p class=\"Normal tm5\"><span class=\"tm7\">*Todos os dias<br \/>\nBrinquedos infl\u00e1veis para as crian\u00e7as<\/span><\/p>\n","protected":false},"excerpt":{"rendered":"<p>Programa\u00e7\u00e3o 10\u00aa Efrait AGROPECU\u00c1RIA (Setor agropecu\u00e1rio) Sexta-feira Atividade: Palestras na C\u00e2mara Municipal de Vereadores 14h: Abertura 14h15: Palestra com o tema: \u2018Contamina\u00e7\u00e3o de Sementes Crioulas\u2019, com Andr\u00e9 Jantara \u2013 ASPTA 15h30: Palestra com o tema: \u2018As Sementes Crioulas, seus guardi\u00f5es e seus segredos\u2019, com Dr. Iraj\u00e1 Ferreira Antunes &#8211; EMBRAPA de Pelotas\/RS 16h30: Palestra com [&hellip;]<\/p>\n","protected":false},"author":1,"featured_media":0,"parent":0,"menu_order":0,"comment_status":"closed","ping_status":"closed","template":"","meta":{"ngg_post_thumbnail":0,"footnotes":""},"_links":{"self":[{"href":"https:\/\/assemit.com.br\/efrait2019\/index.php\/wp-json\/wp\/v2\/pages\/53"}],"collection":[{"href":"https:\/\/assemit.com.br\/efrait2019\/index.php\/wp-json\/wp\/v2\/pages"}],"about":[{"href":"https:\/\/assemit.com.br\/efrait2019\/index.php\/wp-json\/wp\/v2\/types\/page"}],"author":[{"embeddable":true,"href":"https:\/\/assemit.com.br\/efrait2019\/index.php\/wp-json\/wp\/v2\/users\/1"}],"replies":[{"embeddable":true,"href":"https:\/\/assemit.com.br\/efrait2019\/index.php\/wp-json\/wp\/v2\/comments?post=53"}],"version-history":[{"count":3,"href":"https:\/\/assemit.com.br\/efrait2019\/index.php\/wp-json\/wp\/v2\/pages\/53\/revisions"}],"predecessor-version":[{"id":165,"href":"https:\/\/assemit.com.br\/efrait2019\/index.php\/wp-json\/wp\/v2\/pages\/53\/revisions\/165"}],"wp:attachment":[{"href":"https:\/\/assemit.com.br\/efrait2019\/index.php\/wp-json\/wp\/v2\/media?parent=53"}],"curies":[{"name":"wp","href":"https:\/\/api.w.org\/{rel}","templated":true}]}}