{"id":56,"date":"2018-11-02T17:20:42","date_gmt":"2018-11-02T20:20:42","guid":{"rendered":"http:\/\/assemit.com.br\/efrait2019\/?page_id=56"},"modified":"2019-03-25T08:29:49","modified_gmt":"2019-03-25T11:29:49","slug":"expositores","status":"publish","type":"page","link":"https:\/\/assemit.com.br\/efrait2019\/index.php\/expositores\/","title":{"rendered":"Expositores"},"content":{"rendered":"<p><strong><em><u>Expositores 10\u00aa EFRAIT<\/u><\/em><\/strong><\/p>\n<ol>\n<li>Agile Administradora de Obras<\/li>\n<li>Agromaldaner<\/li>\n<li>Agromitos<\/li>\n<li>Agropeperi<\/li>\n<li>Analise Projetos Consultoria e Pesquisa Agr\u00edcola<\/li>\n<li>Anamar Cal\u00e7ados e Confec\u00e7\u00f5es<\/li>\n<li>Anima\u00e7\u00e3o Brinquedos<\/li>\n<li>Artech\u00ea<\/li>\n<li>Auto Union<\/li>\n<li>Bela Arte Bordados<\/li>\n<li>Bugio Tratores<\/li>\n<li>Cal\u00e7ados Killer<\/li>\n<li>Capas e Cia<\/li>\n<li>Casa das Belas Artes<\/li>\n<li>Cataratas Colch\u00f5es<\/li>\n<li>Cervejaria Lassberg<\/li>\n<li>Chico Autom\u00f3veis<\/li>\n<li>Colchoes Ortobom<\/li>\n<li>Comercial Cordilheira<\/li>\n<li>Concrelit<\/li>\n<li>Construhaus<\/li>\n<li>Cooper A1<\/li>\n<li>Criativa Cursos<\/li>\n<li>Criative<\/li>\n<li>Cuias Jochen<\/li>\n<li>Digital Systems<\/li>\n<li>Divinalli Semi J\u00f3ias<\/li>\n<li>Edemar Fanctoches<\/li>\n<li>Elmo A Kist<\/li>\n<li>Encanto Noivas<\/li>\n<li>Eskilets Modas<\/li>\n<li>Espa\u00e7o do Sono<\/li>\n<li>Extre Credi<\/li>\n<li>Farm\u00e1cia Samaritana<\/li>\n<li>Feluma<\/li>\n<li>Fornari Manta Asf\u00e1ltica<\/li>\n<li>Foto Studio Marino<\/li>\n<li>Francar Motos<\/li>\n<li>Frentz M\u00f3veis<\/li>\n<li>GENUTRI<\/li>\n<li>Grisotti Vidros<\/li>\n<li>Hilga Modas<\/li>\n<li>Intersul Estofados<\/li>\n<li>Inviol\u00e1vel<\/li>\n<li>Isauras Modas<\/li>\n<li>Itamar Autom\u00f3veis<\/li>\n<li>Itapiranga Autom\u00f3veis<\/li>\n<li>Itapiranga Motos<\/li>\n<li>JR Molduras<\/li>\n<li>Krafht Esquadrias de PVC<\/li>\n<li>Lactic\u00ednios S\u00e3o Jo\u00e3o do Oeste<\/li>\n<li>Le Bambino<\/li>\n<li>Loja da Tere<\/li>\n<li>Malharia Hubner<\/li>\n<li>Mariele M\u00f3veis<\/li>\n<li>Mate Erva<\/li>\n<li>Mayer Colchoes<\/li>\n<li>MM Sperandio<\/li>\n<li>Moda Enxovais<\/li>\n<li>Moto N\u00e1utica<\/li>\n<li>Motor Maq<\/li>\n<li>Mundo Encantado<\/li>\n<li>Nautek<\/li>\n<li>NCR Equipamentos<\/li>\n<li>Nedel Telecom<\/li>\n<li>Oeste Pneus<\/li>\n<li>Pedro Moda Homem e Kelli Modas<\/li>\n<li>Pedroka Entretenimento<\/li>\n<li>Pet Funny<\/li>\n<li>Peter Niehues<\/li>\n<li>Plante Bem<\/li>\n<li>Purificadores Agua Europa<\/li>\n<li>Quality<\/li>\n<li>Rambo Materiais de Constru\u00e7\u00e3o<\/li>\n<li>RED POINT Confec\u00e7\u00f5es<\/li>\n<li>Rodomac<\/li>\n<li>Rogathi Planejados<\/li>\n<li>Rorai<\/li>\n<li>Rorh Maquinas<\/li>\n<li>Sasso Inform\u00e1tica e Celulares<\/li>\n<li>Sebrae<\/li>\n<li>Shipp Eletr\u00f4nica<\/li>\n<li>Sicoob Creditapiranga<\/li>\n<li>Sicredi<\/li>\n<li>Sinara Modas<\/li>\n<li>Sirimar Auto Center<\/li>\n<li>St Genetics<\/li>\n<li>Techsun<\/li>\n<li>Terra Boa Empreendimentos Imobili\u00e1rios<\/li>\n<li>Tipo Cal\u00e7ados<\/li>\n<li>Tyna Zilles Fotografia<\/li>\n<li>UCEFF<\/li>\n<li>Vidra\u00e7aria Friedrich<\/li>\n<li>Viveiro 163<\/li>\n<\/ol>\n","protected":false},"excerpt":{"rendered":"<p>Expositores 10\u00aa EFRAIT Agile Administradora de Obras Agromaldaner Agromitos Agropeperi Analise Projetos Consultoria e Pesquisa Agr\u00edcola Anamar Cal\u00e7ados e Confec\u00e7\u00f5es Anima\u00e7\u00e3o Brinquedos Artech\u00ea Auto Union Bela Arte Bordados Bugio Tratores Cal\u00e7ados Killer Capas e Cia Casa das Belas Artes Cataratas Colch\u00f5es Cervejaria Lassberg Chico Autom\u00f3veis Colchoes Ortobom Comercial Cordilheira Concrelit Construhaus Cooper A1 Criativa Cursos [&hellip;]<\/p>\n","protected":false},"author":1,"featured_media":0,"parent":0,"menu_order":0,"comment_status":"closed","ping_status":"closed","template":"","meta":{"ngg_post_thumbnail":0,"footnotes":""},"_links":{"self":[{"href":"https:\/\/assemit.com.br\/efrait2019\/index.php\/wp-json\/wp\/v2\/pages\/56"}],"collection":[{"href":"https:\/\/assemit.com.br\/efrait2019\/index.php\/wp-json\/wp\/v2\/pages"}],"about":[{"href":"https:\/\/assemit.com.br\/efrait2019\/index.php\/wp-json\/wp\/v2\/types\/page"}],"author":[{"embeddable":true,"href":"https:\/\/assemit.com.br\/efrait2019\/index.php\/wp-json\/wp\/v2\/users\/1"}],"replies":[{"embeddable":true,"href":"https:\/\/assemit.com.br\/efrait2019\/index.php\/wp-json\/wp\/v2\/comments?post=56"}],"version-history":[{"count":3,"href":"https:\/\/assemit.com.br\/efrait2019\/index.php\/wp-json\/wp\/v2\/pages\/56\/revisions"}],"predecessor-version":[{"id":125,"href":"https:\/\/assemit.com.br\/efrait2019\/index.php\/wp-json\/wp\/v2\/pages\/56\/revisions\/125"}],"wp:attachment":[{"href":"https:\/\/assemit.com.br\/efrait2019\/index.php\/wp-json\/wp\/v2\/media?parent=56"}],"curies":[{"name":"wp","href":"https:\/\/api.w.org\/{rel}","templated":true}]}}