{"id":422,"date":"2017-08-06T13:12:28","date_gmt":"2017-08-06T16:12:28","guid":{"rendered":"http:\/\/www.assemit.com.br\/novo2017\/?page_id=422"},"modified":"2023-08-15T10:20:32","modified_gmt":"2023-08-15T13:20:32","slug":"diretoria-2017-2019","status":"publish","type":"page","link":"https:\/\/assemit.com.br\/novo\/?page_id=422","title":{"rendered":"Diretoria 2023-2025"},"content":{"rendered":"\n<figure class=\"wp-block-image size-large\"><a href=\"https:\/\/assemit.com.br\/novo\/wp-content\/uploads\/2022\/11\/Assemit-8-1.jpg\"><img loading=\"lazy\" decoding=\"async\" width=\"1024\" height=\"682\" src=\"https:\/\/assemit.com.br\/novo\/wp-content\/uploads\/2022\/11\/Assemit-8-1-1024x682.jpg\" alt=\"\" class=\"wp-image-3459\" srcset=\"https:\/\/assemit.com.br\/novo\/wp-content\/uploads\/2022\/11\/Assemit-8-1-1024x682.jpg 1024w, https:\/\/assemit.com.br\/novo\/wp-content\/uploads\/2022\/11\/Assemit-8-1-300x200.jpg 300w, https:\/\/assemit.com.br\/novo\/wp-content\/uploads\/2022\/11\/Assemit-8-1-768x512.jpg 768w, https:\/\/assemit.com.br\/novo\/wp-content\/uploads\/2022\/11\/Assemit-8-1.jpg 1280w\" sizes=\"auto, (max-width: 1024px) 100vw, 1024px\" \/><\/a><\/figure>\n\n\n<div><\/div>\n<div>Presidente: Francelino Julio Rambo Ribeiro<\/div>\n<div>Vice: Airton Sehn<\/div>\n<div>&nbsp;<\/div>\n<div>Tesoureiro: Norberto Lengert<\/div>\n<div>Vice: Clemente Scnorrenberger<\/div>\n<div>&nbsp;<\/div>\n<div>Secret\u00e1ria: Vanessa Gabriele Rodrigues Guarda<\/div>\n<div>Vice: Maria Helena Schmitz Becker<\/div>\n<div>&nbsp;<\/div>\n<div>Conselho Fiscal:<\/div>\n<div>Vanderlei Melchiors<\/div>\n<div>Claudio Bourscheid<\/div>\n<div>Cesar Henrique Casagrande de Moura<\/div>\n<div>Suplentes:<\/div>\n<div>Debora Manchini<\/div>\n<div>Siamara Mallmann Klein<\/div>\n<div>Vicente Royer<\/div>\n<div>&nbsp;<\/div>\n<div>Assessor de Comunica\u00e7\u00e3o:&nbsp;<\/div>\n<div>Abr\u00e3o Moura<\/div>\n<div>Sadi Jos\u00e9 Reckziegel<\/div>\n<div>&nbsp;<\/div>\n<div>Assessoria Jur\u00eddica:<\/div>\n<div>Elenice Strieder Sehn<\/div>\n<div>&nbsp;<\/div>\n<div>Diretores:<\/div>\n<div>Departamento Agropecu\u00e1ria:<\/div>\n<div>Roberto Lenz<\/div>\n<div>&nbsp;<\/div>\n<div>Departamento de Infraestrutura:<\/div>\n<div>Lucir Pedro Guareschi<\/div>\n<div>Nivaldo Ritter Grutzmann<\/div>\n<div>&nbsp;<\/div>\n<div>Departamento do Comercio:<\/div>\n<div>Claudir Werlang<\/div>\n<div>&nbsp;<\/div>\n<div>Departamento de Turismo:<\/div>\n<div>Edevaldo Kraemer<\/div>\n<div>&nbsp;<\/div>\n<div>Departamento de Presta\u00e7\u00e3o de Servi\u00e7os:<\/div>\n<div>Rodrivan Marangoni<\/div>\n<div>Jhonny Gribler<\/div>\n<div>&nbsp;<\/div>\n<div>Departamento de Prote\u00e7\u00e3o ao Cr\u00e9dito:<\/div>\n<div>Gilvane Kern<\/div>\n<div>&nbsp;<\/div>\n<div>Departamento de Aperfei\u00e7oamento Profissional:<\/div>\n<div>Michel de Souza<\/div>\n<div>Alexandre Siqueira<\/div>\n<div>&nbsp;<\/div>\n<div>Departamento da Solu\u00e7\u00f5es Empresariais:<\/div>\n<div>Guido Flach<\/div>\n<div>&nbsp;<\/div>\n<div>Departamento do Empreender:<\/div>\n<div>Pedro Jos\u00e9 Kunrath<\/div>\n<div>&nbsp;<\/div>\n<div>Departamento de Eventos e Show de Sorte:<\/div>\n<div>Gilvane Kern<\/div>\n<div>Pedro Paulo Pereira<\/div>\n<div>&nbsp;<\/div>\n<div>Departamento da EFRAIT:<\/div>\n<div>Elton Martinho Maldaner<\/div>\n<div>Cleusa Soethe Guareschi<\/div>\n<div>&nbsp;<\/div>\n<div>Formar\u00e3o ainda o Conselho Deliberativo:<\/div>\n<div>Lucir Pedro Guareschi<\/div>\n<div>Clemente Schnorrenberger<\/div>\n<div>Elton Martinho Maldaner<\/div>\n\n\n<figure class=\"wp-block-gallery has-nested-images columns-default is-cropped wp-block-gallery-1 is-layout-flex wp-block-gallery-is-layout-flex\">\n<figure class=\"wp-block-image size-large\"><a href=\"https:\/\/assemit.com.br\/novo\/wp-content\/uploads\/2022\/11\/Assemit-9.jpg\"><img loading=\"lazy\" decoding=\"async\" width=\"1024\" height=\"682\" data-id=\"3465\" src=\"https:\/\/assemit.com.br\/novo\/wp-content\/uploads\/2022\/11\/Assemit-9-1024x682.jpg\" alt=\"\" class=\"wp-image-3465\" srcset=\"https:\/\/assemit.com.br\/novo\/wp-content\/uploads\/2022\/11\/Assemit-9-1024x682.jpg 1024w, https:\/\/assemit.com.br\/novo\/wp-content\/uploads\/2022\/11\/Assemit-9-300x200.jpg 300w, https:\/\/assemit.com.br\/novo\/wp-content\/uploads\/2022\/11\/Assemit-9-768x512.jpg 768w, https:\/\/assemit.com.br\/novo\/wp-content\/uploads\/2022\/11\/Assemit-9.jpg 1280w\" sizes=\"auto, (max-width: 1024px) 100vw, 1024px\" \/><\/a><\/figure>\n\n\n\n<figure class=\"wp-block-image size-large\"><a href=\"https:\/\/assemit.com.br\/novo\/wp-content\/uploads\/2022\/11\/Assemit-8-1.jpg\"><img loading=\"lazy\" decoding=\"async\" width=\"1024\" height=\"682\" data-id=\"3459\" src=\"https:\/\/assemit.com.br\/novo\/wp-content\/uploads\/2022\/11\/Assemit-8-1-1024x682.jpg\" alt=\"\" class=\"wp-image-3459\" srcset=\"https:\/\/assemit.com.br\/novo\/wp-content\/uploads\/2022\/11\/Assemit-8-1-1024x682.jpg 1024w, https:\/\/assemit.com.br\/novo\/wp-content\/uploads\/2022\/11\/Assemit-8-1-300x200.jpg 300w, https:\/\/assemit.com.br\/novo\/wp-content\/uploads\/2022\/11\/Assemit-8-1-768x512.jpg 768w, https:\/\/assemit.com.br\/novo\/wp-content\/uploads\/2022\/11\/Assemit-8-1.jpg 1280w\" sizes=\"auto, (max-width: 1024px) 100vw, 1024px\" \/><\/a><\/figure>\n\n\n\n<figure class=\"wp-block-image size-large\"><a href=\"https:\/\/assemit.com.br\/novo\/wp-content\/uploads\/2022\/11\/Assemit-14.jpg\"><img loading=\"lazy\" decoding=\"async\" width=\"1024\" height=\"682\" data-id=\"3463\" src=\"https:\/\/assemit.com.br\/novo\/wp-content\/uploads\/2022\/11\/Assemit-14-1024x682.jpg\" alt=\"\" class=\"wp-image-3463\" srcset=\"https:\/\/assemit.com.br\/novo\/wp-content\/uploads\/2022\/11\/Assemit-14-1024x682.jpg 1024w, https:\/\/assemit.com.br\/novo\/wp-content\/uploads\/2022\/11\/Assemit-14-300x200.jpg 300w, https:\/\/assemit.com.br\/novo\/wp-content\/uploads\/2022\/11\/Assemit-14-768x512.jpg 768w, https:\/\/assemit.com.br\/novo\/wp-content\/uploads\/2022\/11\/Assemit-14.jpg 1280w\" sizes=\"auto, (max-width: 1024px) 100vw, 1024px\" \/><\/a><\/figure>\n\n\n\n<figure class=\"wp-block-image size-large\"><a href=\"https:\/\/assemit.com.br\/novo\/wp-content\/uploads\/2022\/11\/Assemit-7.jpg\"><img loading=\"lazy\" decoding=\"async\" width=\"1024\" height=\"682\" data-id=\"3458\" src=\"https:\/\/assemit.com.br\/novo\/wp-content\/uploads\/2022\/11\/Assemit-7-1024x682.jpg\" alt=\"\" class=\"wp-image-3458\" srcset=\"https:\/\/assemit.com.br\/novo\/wp-content\/uploads\/2022\/11\/Assemit-7-1024x682.jpg 1024w, https:\/\/assemit.com.br\/novo\/wp-content\/uploads\/2022\/11\/Assemit-7-300x200.jpg 300w, https:\/\/assemit.com.br\/novo\/wp-content\/uploads\/2022\/11\/Assemit-7-768x512.jpg 768w, https:\/\/assemit.com.br\/novo\/wp-content\/uploads\/2022\/11\/Assemit-7.jpg 1280w\" sizes=\"auto, (max-width: 1024px) 100vw, 1024px\" \/><\/a><\/figure>\n\n\n\n<figure class=\"wp-block-image size-large\"><a href=\"https:\/\/assemit.com.br\/novo\/wp-content\/uploads\/2022\/11\/Assemit-13.jpg\"><img loading=\"lazy\" decoding=\"async\" width=\"1024\" height=\"682\" data-id=\"3466\" src=\"https:\/\/assemit.com.br\/novo\/wp-content\/uploads\/2022\/11\/Assemit-13-1024x682.jpg\" alt=\"\" class=\"wp-image-3466\" srcset=\"https:\/\/assemit.com.br\/novo\/wp-content\/uploads\/2022\/11\/Assemit-13-1024x682.jpg 1024w, https:\/\/assemit.com.br\/novo\/wp-content\/uploads\/2022\/11\/Assemit-13-300x200.jpg 300w, https:\/\/assemit.com.br\/novo\/wp-content\/uploads\/2022\/11\/Assemit-13-768x512.jpg 768w, https:\/\/assemit.com.br\/novo\/wp-content\/uploads\/2022\/11\/Assemit-13.jpg 1280w\" sizes=\"auto, (max-width: 1024px) 100vw, 1024px\" \/><\/a><\/figure>\n\n\n\n<figure class=\"wp-block-image size-large\"><a href=\"https:\/\/assemit.com.br\/novo\/wp-content\/uploads\/2022\/11\/Assemit-8.jpg\"><img loading=\"lazy\" decoding=\"async\" width=\"1024\" height=\"682\" data-id=\"3452\" src=\"https:\/\/assemit.com.br\/novo\/wp-content\/uploads\/2022\/11\/Assemit-8-1024x682.jpg\" alt=\"\" class=\"wp-image-3452\" srcset=\"https:\/\/assemit.com.br\/novo\/wp-content\/uploads\/2022\/11\/Assemit-8-1024x682.jpg 1024w, https:\/\/assemit.com.br\/novo\/wp-content\/uploads\/2022\/11\/Assemit-8-300x200.jpg 300w, https:\/\/assemit.com.br\/novo\/wp-content\/uploads\/2022\/11\/Assemit-8-768x512.jpg 768w, https:\/\/assemit.com.br\/novo\/wp-content\/uploads\/2022\/11\/Assemit-8.jpg 1280w\" sizes=\"auto, (max-width: 1024px) 100vw, 1024px\" \/><\/a><\/figure>\n\n\n\n<figure class=\"wp-block-image size-large\"><a href=\"https:\/\/assemit.com.br\/novo\/wp-content\/uploads\/2022\/11\/Assemit-12.jpg\"><img loading=\"lazy\" decoding=\"async\" width=\"1024\" height=\"682\" data-id=\"3464\" src=\"https:\/\/assemit.com.br\/novo\/wp-content\/uploads\/2022\/11\/Assemit-12-1024x682.jpg\" alt=\"\" class=\"wp-image-3464\" srcset=\"https:\/\/assemit.com.br\/novo\/wp-content\/uploads\/2022\/11\/Assemit-12-1024x682.jpg 1024w, https:\/\/assemit.com.br\/novo\/wp-content\/uploads\/2022\/11\/Assemit-12-300x200.jpg 300w, https:\/\/assemit.com.br\/novo\/wp-content\/uploads\/2022\/11\/Assemit-12-768x512.jpg 768w, https:\/\/assemit.com.br\/novo\/wp-content\/uploads\/2022\/11\/Assemit-12.jpg 1280w\" sizes=\"auto, (max-width: 1024px) 100vw, 1024px\" \/><\/a><\/figure>\n\n\n\n<figure class=\"wp-block-image size-large\"><a href=\"https:\/\/assemit.com.br\/novo\/wp-content\/uploads\/2022\/11\/Assemit-10.jpg\"><img loading=\"lazy\" decoding=\"async\" width=\"1024\" height=\"682\" data-id=\"3462\" src=\"https:\/\/assemit.com.br\/novo\/wp-content\/uploads\/2022\/11\/Assemit-10-1024x682.jpg\" alt=\"\" class=\"wp-image-3462\" srcset=\"https:\/\/assemit.com.br\/novo\/wp-content\/uploads\/2022\/11\/Assemit-10-1024x682.jpg 1024w, https:\/\/assemit.com.br\/novo\/wp-content\/uploads\/2022\/11\/Assemit-10-300x200.jpg 300w, https:\/\/assemit.com.br\/novo\/wp-content\/uploads\/2022\/11\/Assemit-10-768x512.jpg 768w, https:\/\/assemit.com.br\/novo\/wp-content\/uploads\/2022\/11\/Assemit-10.jpg 1280w\" sizes=\"auto, (max-width: 1024px) 100vw, 1024px\" \/><\/a><\/figure>\n\n\n\n<figure class=\"wp-block-image size-large\"><a href=\"https:\/\/assemit.com.br\/novo\/wp-content\/uploads\/2022\/11\/Assemit-4.jpg\"><img loading=\"lazy\" decoding=\"async\" width=\"1024\" height=\"682\" data-id=\"3460\" src=\"https:\/\/assemit.com.br\/novo\/wp-content\/uploads\/2022\/11\/Assemit-4-1024x682.jpg\" alt=\"\" class=\"wp-image-3460\" srcset=\"https:\/\/assemit.com.br\/novo\/wp-content\/uploads\/2022\/11\/Assemit-4-1024x682.jpg 1024w, https:\/\/assemit.com.br\/novo\/wp-content\/uploads\/2022\/11\/Assemit-4-300x200.jpg 300w, https:\/\/assemit.com.br\/novo\/wp-content\/uploads\/2022\/11\/Assemit-4-768x512.jpg 768w, https:\/\/assemit.com.br\/novo\/wp-content\/uploads\/2022\/11\/Assemit-4.jpg 1280w\" sizes=\"auto, (max-width: 1024px) 100vw, 1024px\" \/><\/a><\/figure>\n\n\n\n<figure class=\"wp-block-image size-large\"><a href=\"https:\/\/assemit.com.br\/novo\/wp-content\/uploads\/2022\/11\/Assemit-5.jpg\"><img loading=\"lazy\" decoding=\"async\" width=\"1024\" height=\"682\" data-id=\"3457\" src=\"https:\/\/assemit.com.br\/novo\/wp-content\/uploads\/2022\/11\/Assemit-5-1024x682.jpg\" alt=\"\" class=\"wp-image-3457\" srcset=\"https:\/\/assemit.com.br\/novo\/wp-content\/uploads\/2022\/11\/Assemit-5-1024x682.jpg 1024w, https:\/\/assemit.com.br\/novo\/wp-content\/uploads\/2022\/11\/Assemit-5-300x200.jpg 300w, https:\/\/assemit.com.br\/novo\/wp-content\/uploads\/2022\/11\/Assemit-5-768x512.jpg 768w, https:\/\/assemit.com.br\/novo\/wp-content\/uploads\/2022\/11\/Assemit-5.jpg 1280w\" sizes=\"auto, (max-width: 1024px) 100vw, 1024px\" \/><\/a><\/figure>\n\n\n\n<figure class=\"wp-block-image size-large\"><a href=\"https:\/\/assemit.com.br\/novo\/wp-content\/uploads\/2022\/11\/Assemit-6.jpg\"><img loading=\"lazy\" decoding=\"async\" width=\"1024\" height=\"682\" data-id=\"3454\" src=\"https:\/\/assemit.com.br\/novo\/wp-content\/uploads\/2022\/11\/Assemit-6-1024x682.jpg\" alt=\"\" class=\"wp-image-3454\" srcset=\"https:\/\/assemit.com.br\/novo\/wp-content\/uploads\/2022\/11\/Assemit-6-1024x682.jpg 1024w, https:\/\/assemit.com.br\/novo\/wp-content\/uploads\/2022\/11\/Assemit-6-300x200.jpg 300w, https:\/\/assemit.com.br\/novo\/wp-content\/uploads\/2022\/11\/Assemit-6-768x512.jpg 768w, https:\/\/assemit.com.br\/novo\/wp-content\/uploads\/2022\/11\/Assemit-6.jpg 1280w\" sizes=\"auto, (max-width: 1024px) 100vw, 1024px\" \/><\/a><\/figure>\n\n\n\n<figure class=\"wp-block-image size-large\"><a href=\"https:\/\/assemit.com.br\/novo\/wp-content\/uploads\/2022\/11\/Assemit-3.jpg\"><img loading=\"lazy\" decoding=\"async\" width=\"1024\" height=\"682\" data-id=\"3456\" src=\"https:\/\/assemit.com.br\/novo\/wp-content\/uploads\/2022\/11\/Assemit-3-1024x682.jpg\" alt=\"\" class=\"wp-image-3456\" srcset=\"https:\/\/assemit.com.br\/novo\/wp-content\/uploads\/2022\/11\/Assemit-3-1024x682.jpg 1024w, https:\/\/assemit.com.br\/novo\/wp-content\/uploads\/2022\/11\/Assemit-3-300x200.jpg 300w, https:\/\/assemit.com.br\/novo\/wp-content\/uploads\/2022\/11\/Assemit-3-768x512.jpg 768w, https:\/\/assemit.com.br\/novo\/wp-content\/uploads\/2022\/11\/Assemit-3.jpg 1280w\" sizes=\"auto, (max-width: 1024px) 100vw, 1024px\" \/><\/a><\/figure>\n\n\n\n<figure class=\"wp-block-image size-large\"><a href=\"https:\/\/assemit.com.br\/novo\/wp-content\/uploads\/2022\/11\/Assemit-2.jpg\"><img loading=\"lazy\" decoding=\"async\" width=\"1024\" height=\"682\" data-id=\"3453\" src=\"https:\/\/assemit.com.br\/novo\/wp-content\/uploads\/2022\/11\/Assemit-2-1024x682.jpg\" alt=\"\" class=\"wp-image-3453\" srcset=\"https:\/\/assemit.com.br\/novo\/wp-content\/uploads\/2022\/11\/Assemit-2-1024x682.jpg 1024w, https:\/\/assemit.com.br\/novo\/wp-content\/uploads\/2022\/11\/Assemit-2-300x200.jpg 300w, https:\/\/assemit.com.br\/novo\/wp-content\/uploads\/2022\/11\/Assemit-2-768x512.jpg 768w, https:\/\/assemit.com.br\/novo\/wp-content\/uploads\/2022\/11\/Assemit-2.jpg 1280w\" sizes=\"auto, (max-width: 1024px) 100vw, 1024px\" \/><\/a><\/figure>\n\n\n\n<figure class=\"wp-block-image size-large\"><a href=\"https:\/\/assemit.com.br\/novo\/wp-content\/uploads\/2022\/11\/Assemit-1.jpg\"><img loading=\"lazy\" decoding=\"async\" width=\"1024\" height=\"682\" data-id=\"3455\" src=\"https:\/\/assemit.com.br\/novo\/wp-content\/uploads\/2022\/11\/Assemit-1-1024x682.jpg\" alt=\"\" class=\"wp-image-3455\" srcset=\"https:\/\/assemit.com.br\/novo\/wp-content\/uploads\/2022\/11\/Assemit-1-1024x682.jpg 1024w, https:\/\/assemit.com.br\/novo\/wp-content\/uploads\/2022\/11\/Assemit-1-300x200.jpg 300w, https:\/\/assemit.com.br\/novo\/wp-content\/uploads\/2022\/11\/Assemit-1-768x512.jpg 768w, https:\/\/assemit.com.br\/novo\/wp-content\/uploads\/2022\/11\/Assemit-1.jpg 1280w\" sizes=\"auto, (max-width: 1024px) 100vw, 1024px\" \/><\/a><\/figure>\n\n\n\n<figure class=\"wp-block-image size-large\"><a href=\"https:\/\/assemit.com.br\/novo\/wp-content\/uploads\/2022\/11\/Assemit-11.jpg\"><img loading=\"lazy\" decoding=\"async\" width=\"1024\" height=\"576\" data-id=\"3461\" src=\"https:\/\/assemit.com.br\/novo\/wp-content\/uploads\/2022\/11\/Assemit-11-1024x576.jpg\" alt=\"\" class=\"wp-image-3461\" srcset=\"https:\/\/assemit.com.br\/novo\/wp-content\/uploads\/2022\/11\/Assemit-11-1024x576.jpg 1024w, https:\/\/assemit.com.br\/novo\/wp-content\/uploads\/2022\/11\/Assemit-11-300x169.jpg 300w, https:\/\/assemit.com.br\/novo\/wp-content\/uploads\/2022\/11\/Assemit-11-768x432.jpg 768w, https:\/\/assemit.com.br\/novo\/wp-content\/uploads\/2022\/11\/Assemit-11.jpg 1280w\" sizes=\"auto, (max-width: 1024px) 100vw, 1024px\" \/><\/a><\/figure>\n<\/figure>\n","protected":false},"excerpt":{"rendered":"<p>Presidente: Francelino Julio Rambo Ribeiro Vice: Airton Sehn &nbsp; Tesoureiro: Norberto Lengert Vice: Clemente Scnorrenberger &nbsp; Secret\u00e1ria: Vanessa Gabriele Rodrigues Guarda Vice: Maria Helena Schmitz Becker &nbsp; Conselho Fiscal: Vanderlei Melchiors Claudio Bourscheid Cesar Henrique Casagrande de Moura Suplentes: Debora [&hellip;]<\/p>\n","protected":false},"author":1,"featured_media":0,"parent":0,"menu_order":0,"comment_status":"closed","ping_status":"closed","template":"","meta":{"ngg_post_thumbnail":0,"footnotes":""},"class_list":["post-422","page","type-page","status-publish","hentry"],"_links":{"self":[{"href":"https:\/\/assemit.com.br\/novo\/index.php?rest_route=\/wp\/v2\/pages\/422","targetHints":{"allow":["GET"]}}],"collection":[{"href":"https:\/\/assemit.com.br\/novo\/index.php?rest_route=\/wp\/v2\/pages"}],"about":[{"href":"https:\/\/assemit.com.br\/novo\/index.php?rest_route=\/wp\/v2\/types\/page"}],"author":[{"embeddable":true,"href":"https:\/\/assemit.com.br\/novo\/index.php?rest_route=\/wp\/v2\/users\/1"}],"replies":[{"embeddable":true,"href":"https:\/\/assemit.com.br\/novo\/index.php?rest_route=%2Fwp%2Fv2%2Fcomments&post=422"}],"version-history":[{"count":9,"href":"https:\/\/assemit.com.br\/novo\/index.php?rest_route=\/wp\/v2\/pages\/422\/revisions"}],"predecessor-version":[{"id":3531,"href":"https:\/\/assemit.com.br\/novo\/index.php?rest_route=\/wp\/v2\/pages\/422\/revisions\/3531"}],"wp:attachment":[{"href":"https:\/\/assemit.com.br\/novo\/index.php?rest_route=%2Fwp%2Fv2%2Fmedia&parent=422"}],"curies":[{"name":"wp","href":"https:\/\/api.w.org\/{rel}","templated":true}]}}