{"id":447,"date":"2017-08-06T13:34:58","date_gmt":"2017-08-06T16:34:58","guid":{"rendered":"http:\/\/www.assemit.com.br\/novo2017\/?page_id=447"},"modified":"2024-08-13T14:05:08","modified_gmt":"2024-08-13T17:05:08","slug":"convenios","status":"publish","type":"page","link":"https:\/\/assemit.com.br\/novo\/?page_id=447","title":{"rendered":"Conv\u00eanios"},"content":{"rendered":"<p>&nbsp;<\/p>\n<p><strong>FARM\u00c1CIA BIO VIDA<\/strong><\/p>\n<p>&#8211; Medicamentos \u2013 Desconto de 10% \u00e0 vista (dinheiro, d\u00e9bito e cheque \u00e0 vista)<\/p>\n<p>&#8211; Perfumaria \u2013 Desconto de 10% (exceto promo\u00e7\u00f5es e Botic\u00e1rio)<\/p>\n<p>&#8211; Medicamentos e perfumaria \u2013 5% de desconto no cr\u00e9dito<\/p>\n<p>Tem conv\u00eanio com Farm\u00e1cia Popular, Tele entrega e sorteio de brindes semanais.<\/p>\n<p>&nbsp;<\/p>\n<p><strong>FARM\u00c1CIA DO ABR\u00c3O<\/strong><\/p>\n<p>Desconto de 10% nas compras com pagamento \u00e0 vista (exceto promo\u00e7\u00f5es).<\/p>\n<p>Desconto de 8% nas compras com pagamento em 30 dias (exceto promo\u00e7\u00f5es).<\/p>\n<p>&nbsp;<\/p>\n<p><strong>FARM\u00c1CIA SAMARITANA<\/strong><\/p>\n<p>&#8211; 20% de desconto na compra de anticoncepcionais;<\/p>\n<p>&#8211; 10% de desconto na compra de medicamentos Gen\u00e9ricos e Similares;<\/p>\n<p>&#8211; 10% de desconto na compra de polivitam\u00ednicos e suplementos alimentares;<\/p>\n<p>&#8211; 5% de desconto na compra de perfumarias, higiene pessoal, produtos para cabelo, maquiagens, &nbsp;&nbsp;&nbsp;&nbsp;dermocosm\u00e9ticos, tinturas, produtos infantis, leite em p\u00f3 e quaisquer outros produtos da farm\u00e1cia que n\u00e3o estejam acima relacionados;<\/p>\n<p>&#8211; 5% de desconto na compra de medicamentos de Refer\u00eancia;<\/p>\n<p><strong>&nbsp;<\/strong><\/p>\n<p><strong>FARM\u00c1CIA VIDA ATIVA<\/strong><\/p>\n<p>&#8211; 20% de desconto na compra de anticoncepcionais;<\/p>\n<p>&#8211; 10% de desconto na compra de medicamentos Gen\u00e9ricos e Similares;<\/p>\n<p>&#8211; 10% de desconto na compra de polivitam\u00ednicos e suplementos alimentares;<\/p>\n<p>&#8211; 5% de desconto na compra de perfumarias, higiene pessoal, produtos para cabelo, maquiagens, tinturas, produtos infantis, leite em p\u00f3 e quaisquer outros produtos da farm\u00e1cia que n\u00e3o estejam acima relacionados;<\/p>\n<p>&#8211; 2% de desconto na compra de medicamentos de Refer\u00eancia;<\/p>\n<p><strong>&nbsp;<\/strong><\/p>\n<p><strong>ODONTO TOP \u2013 Hospital do Dente<\/strong><\/p>\n<p>&#8211; 5% de desconto \u00e0 prazo<\/p>\n<p>*Exceto implantes e facetas (desconto a combinar)<\/p>\n<p><strong>&nbsp;<\/strong><\/p>\n<p><strong>CDI VISION \u2013 Cl\u00ednica de Diagn\u00f3stico M\u00e9dico<\/strong><\/p>\n<p>&#8211; 5% \u00e0 30% de desconto em resson\u00e2ncia magn\u00e9tica, tomografia, Raio-X e exames laboratoriais.<\/p>\n<p>&nbsp;<\/p>\n<p><strong>KNN IDIOMAS<\/strong><\/p>\n<p>&#8211; 30% de desconto na matr\u00edcula.<\/p>\n<p>&nbsp;<\/p>\n<p><strong>UCEFF<\/strong><\/p>\n<p>15% de descontos na Gradua\u00e7\u00e3o (Presencial).<\/p>\n<p>10% de descontos na Gradua\u00e7\u00e3o (Semi Presencial).<\/p>\n<p>10% de descontos na Gradua\u00e7\u00e3o (EAD).<\/p>\n<p>10% de desconto na P\u00f3s-Gradua\u00e7\u00e3o (Presencial em n\u00edvel de especializa\u00e7\u00e3o).<\/p>\n<p>&nbsp;<\/p>\n<p><strong>SAFA<\/strong><\/p>\n<p>5% desconto na mensalidade para alunos novos filhos de pais associados.<\/p>\n<p>&nbsp;<\/p>\n<p><strong>TECHSUN ENERGIA SOLAR <\/strong><\/p>\n<p>&#8211; 3% desconto no valor da m\u00e3o de obra para instala\u00e7\u00e3o de kits residenciais.<\/p>\n<p>&#8211; Seguro gratuito no primeiro ano<\/p>\n<p>&nbsp;<\/p>\n<p><strong>ODONTO EXCELLENCE<\/strong><\/p>\n<p>&nbsp;&#8211; 10% desconto \u00e0 prazo sem entrada<\/p>\n<p>&nbsp;&#8211; 10% desconto e 20% \u00e0 vista<\/p>\n<p>&nbsp;<\/p>\n<p><strong>LUAR SAL\u00c3O DE BELEZA<\/strong><\/p>\n<p><strong>&#8211; <\/strong>10% desconto mensal na manicure tradicional<\/p>\n<p><strong>&nbsp;<\/strong><\/p>\n<p><strong>FARMACIA SANTA RITA<\/strong><\/p>\n<p>-20% de desconto nos anticoncepcionais (ter\u00e7as e quintas-feiras)<\/p>\n<p>-10%de desconto na compra de medicamentos Similares e Gen\u00e9ricos<\/p>\n<p>-5% de desconto na compra de medicamentos Refer\u00eancia<\/p>\n<p>-10% de desconto na compra de polivitam\u00ednicos.<\/p>\n<p><strong>&nbsp;<\/strong><\/p>\n<p><strong>LABORAT\u00d3RIO BIO VIDA<\/strong><\/p>\n<p>&#8211; 5% de desconto para exames de preven\u00e7\u00e3o (PGR, PCMSO, PCA, PPR)<\/p>\n<p>&#8211; 5% de desconto para laudos t\u00e9cnicos (LTCAT, PPP, AET)<br \/>\n&#8211; 5% de desconto para Treinamentos em SST (NR6, NR10, NR12, NR18, NR35 e mais)<br \/>\n&#8211; 5% de desconto para Exames Ocupacionais (Admissional, Demissional, Peri\u00f3dico, Retorno ao Trabalho, Audiometria e Exames Laboratoriais.<\/p>\n<p>&nbsp;<\/p>\n<p>&nbsp;<\/p>\n<p><strong>FARMACIA BRASIL POUPA LAR<\/strong><\/p>\n<p>Gen\u00e9rico e similar: 15%<\/p>\n<p>Anticoncepcional: 20%<\/p>\n<p>Refer\u00eancia: 10%<\/p>\n<p>Perfumaria: 8%<\/p>\n<p>&nbsp;<\/p>\n<p><strong>QUALITY <\/strong><\/p>\n<p><strong>Nutricionista Juliana Morais<\/strong><\/p>\n<p>30% DESCONTO NAS CONSULTAS<\/p>\n<p>-EMAGRECIMENTO<\/p>\n<p>-HIPERTROFIA<\/p>\n<p>-NUTRI\u00c7\u00c3O INFANTIL<\/p>\n<p>-PATOLOGIAS<\/p>\n<p>-GESTANTE<\/p>\n<p>-IDOSOS<\/p>\n","protected":false},"excerpt":{"rendered":"<p>&nbsp; FARM\u00c1CIA BIO VIDA &#8211; Medicamentos \u2013 Desconto de 10% \u00e0 vista (dinheiro, d\u00e9bito e cheque \u00e0 vista) &#8211; Perfumaria \u2013 Desconto de 10% (exceto promo\u00e7\u00f5es e Botic\u00e1rio) &#8211; Medicamentos e perfumaria \u2013 5% de desconto no cr\u00e9dito Tem conv\u00eanio [&hellip;]<\/p>\n","protected":false},"author":1,"featured_media":0,"parent":0,"menu_order":0,"comment_status":"closed","ping_status":"closed","template":"","meta":{"ngg_post_thumbnail":0,"footnotes":""},"class_list":["post-447","page","type-page","status-publish","hentry"],"_links":{"self":[{"href":"https:\/\/assemit.com.br\/novo\/index.php?rest_route=\/wp\/v2\/pages\/447","targetHints":{"allow":["GET"]}}],"collection":[{"href":"https:\/\/assemit.com.br\/novo\/index.php?rest_route=\/wp\/v2\/pages"}],"about":[{"href":"https:\/\/assemit.com.br\/novo\/index.php?rest_route=\/wp\/v2\/types\/page"}],"author":[{"embeddable":true,"href":"https:\/\/assemit.com.br\/novo\/index.php?rest_route=\/wp\/v2\/users\/1"}],"replies":[{"embeddable":true,"href":"https:\/\/assemit.com.br\/novo\/index.php?rest_route=%2Fwp%2Fv2%2Fcomments&post=447"}],"version-history":[{"count":22,"href":"https:\/\/assemit.com.br\/novo\/index.php?rest_route=\/wp\/v2\/pages\/447\/revisions"}],"predecessor-version":[{"id":3860,"href":"https:\/\/assemit.com.br\/novo\/index.php?rest_route=\/wp\/v2\/pages\/447\/revisions\/3860"}],"wp:attachment":[{"href":"https:\/\/assemit.com.br\/novo\/index.php?rest_route=%2Fwp%2Fv2%2Fmedia&parent=447"}],"curies":[{"name":"wp","href":"https:\/\/api.w.org\/{rel}","templated":true}]}}